{"id":6434,"date":"2018-06-17T09:05:19","date_gmt":"2018-06-17T09:05:19","guid":{"rendered":"http:\/\/neu.teremok-ev.de\/?page_id=6434"},"modified":"2018-06-17T12:17:57","modified_gmt":"2018-06-17T12:17:57","slug":"datenschutzerklaerung","status":"publish","type":"page","link":"https:\/\/www.teremok-ev.de\/ru\/datenschutzerklaerung\/","title":{"rendered":"Datenschutzerkl\u00e4rung (\u0442\u043e\u043b\u044c\u043a\u043e \u043d\u0430 \u043d\u0435\u043c\u0435\u0446\u043a\u043e\u043c)"},"content":{"rendered":"<h1>Datenschutzerkl\u00e4rung<\/h1>\n<h1>&nbsp;<\/h1>\n<p>Verantwortlicher im Sinne der Datenschutz-Grundverordnung (DSGVO) ist der Verein:<\/p>\n<p>Teremok e.V.<\/p>\n<p>Hagenbr\u00fccke 9<br \/>\nDE-38100 Braunschweig<\/p>\n<p>&nbsp;<\/p>\n<p>Tel.: +49\u00b715774936551<\/p>\n<p>E-Mail: kontakt@teremok-ev.de<br \/>\nWebsite: www.teremok-ev.de<\/p>\n<h2>Datenschutz<\/h2>\n<p>F\u00fcr die Nutzung unserer Webseite sind in der Regel keine personenbezogener Daten erforderlich.<\/p>\n<p>Unsere Website kann grunds\u00e4tzlich ohne Registrierung besucht werden. Dabei werden Daten wie beispielsweise aufgerufene Seiten bzw. Namen der abgerufenen Datei, Datum und Uhrzeit zu statistischen Zwecken auf dem Server gespeichert, ohne dass diese Daten unmittelbar auf Ihre Person bezogen werden. Sofern personenbezogene Daten erhoben werden, insbesondere Name, Adresse oder E-Mail-Adresse erfolgt dies auf freiwilliger Basis. Ohne Ihre Einwilligung erfolgt keine Weitergabe dieser Daten an Dritte.<\/p>\n<p>Der Nutzung von im Rahmen der Impressumspflicht ver\u00f6ffentlichten Kontaktdaten durch Dritte zur \u00dcbersendung von nicht ausdr\u00fccklich angeforderter Werbung und Informationsmaterialien wird hiermit ausdr\u00fccklich widersprochen.<\/p>\n<h2>Welche personenbezogenen Daten erheben wir?<\/h2>\n<h3>Kommentare<\/h3>\n<p>Falls Besucher unserer Webseite Ihre Kommentare an uns richten, sammeln wir die Daten, die im Kommentar-Formular angezeigt werden, au\u00dferdem die IP-Adresse des Besuchers und den User-Agent-String (damit wird der Browser identifiziert), um die Erkennung von Spam zu unterst\u00fctzen.<\/p>\n<h3>Cookies<\/h3>\n<p>Unsere Website verwendet Cookies. Das sind kleine Textdateien, die es m\u00f6glich machen, auf dem Endger\u00e4t des Nutzers spezifische, auf den Nutzer bezogene Informationen zu speichern, w\u00e4hrend er die Website nutzt. Cookies erm\u00f6glichen es, insbesondere Nutzungsh\u00e4ufigkeit und Nutzeranzahl der Seiten zu ermitteln, Verhaltensweisen der Seitennutzung zu analysieren, aber auch unser Angebot kundenfreundlicher zu gestalten. Cookies bleiben \u00fcber das Ende einer Browser-Sitzung gespeichert und k\u00f6nnen bei einem erneuten Seitenbesuch wieder aufgerufen werden. Wenn Sie das nicht w\u00fcnschen, sollten Sie Ihren Internetbrowser so einstellen, dass er die Annahme von Cookies verweigert.<\/p>\n<p>W\u00e4hrend der Sitzung werden zwei Cookies gesetzt, die Schaltung zwischen der deutschen und der russischen Version der Seite erm\u00f6glichen.<\/p>\n<p>Cookie 1:<\/p>\n<p>Name:&nbsp; wpglobus-language<\/p>\n<p>Domain:&nbsp;&nbsp;&nbsp;&nbsp;&nbsp;&nbsp;&nbsp;&nbsp;&nbsp;&nbsp; www.teremok-ev.de<\/p>\n<p>Pfad:&nbsp;&nbsp;&nbsp; \/<\/p>\n<p>Senden f\u00fcr:&nbsp;&nbsp;&nbsp;&nbsp;&nbsp; Jede Art von Verbindung<\/p>\n<p>Zug\u00e4nglich f\u00fcr Skript:&nbsp; Ja<\/p>\n<p>G\u00fcltigkeit:&nbsp;&nbsp;&nbsp;&nbsp;&nbsp;&nbsp; 1 Jahr<\/p>\n<p>&nbsp;<\/p>\n<p>Cookie 2:<\/p>\n<p>Name:&nbsp; wpglobus-language-old<\/p>\n<p>Domain:&nbsp;&nbsp;&nbsp;&nbsp;&nbsp;&nbsp;&nbsp;&nbsp;&nbsp;&nbsp; www.teremok-ev.de<\/p>\n<p>Pfad:&nbsp;&nbsp;&nbsp; \/<\/p>\n<p>Senden f\u00fcr:&nbsp;&nbsp;&nbsp;&nbsp;&nbsp; Jede Art von Verbindung<\/p>\n<p>Zug\u00e4nglich f\u00fcr Skript:&nbsp; Ja<\/p>\n<p>G\u00fcltigkeit:&nbsp;&nbsp;&nbsp;&nbsp;&nbsp;&nbsp; 1 Jahr<\/p>\n<p>&nbsp;<\/p>\n<h3>Nutzung von Google Web Fonts<\/h3>\n<p>Auf unserer Internetseite werden externe Schriften, Google Fonts verwendet. Google Fonts ist ein Dienst der Google Inc. (\u201eGoogle\u201c). Die Einbindung dieser Web Fonts erfolgt durch einen Serveraufruf, in der Regel ein Server von Google in den USA. Hierdurch wird an den Server \u00fcbermittelt, welche unserer Internetseiten Sie besucht haben. Auch wird die IP-Adresse des Browsers des Endger\u00e4tes des Besuchers dieser Internetseiten von Google gespeichert. N\u00e4here Informationen finden Sie in den Datenschutzhinweisen von Google, die Sie hier abrufen k\u00f6nnen:<br \/>\n<a href=\"https:\/\/www.google.com\/fonts#AboutPlace:about\">www.google.com\/fonts#AboutPlace:about<\/a><br \/>\n<a href=\"https:\/\/www.google.com\/policies\/privacy\/\">www.google.com\/policies\/privacy\/<\/a><\/p>\n<h2>Was passiert mit Ihren Daten &nbsp;und wie lange bleiben Ihre Daten bei uns gespeichert<\/h2>\n<p>Wenn Sie einen Kommentar schreiben, wird dieser inklusive Metadaten zeitlich unbegrenzt gespeichert.<\/p>\n<p>Sie k\u00f6nnen die L\u00f6schung aller personenbezogenen Daten, die wir von Ihnen gespeichert haben, anfordern. Dies umfasst nicht die Daten, die wir aufgrund administrativer, rechtlicher oder sicherheitsrelevanter Notwendigkeiten aufbewahren m\u00fcssen.<\/p>\n<h2>Rechtliche Pflichten<\/h2>\n<p>Teremok e.V. wird personenbezogene Daten an auskunftsberechtigte Institutionen (Beh\u00f6rden) \u00fcbermitteln, wenn dazu durch Rechtsvorschriften oder per Gerichtsbeschluss eine Pflicht besteht.<\/p>\n<p>Bitte senden Sie Beschwerden und Fragen zum Thema Datenschutz an den Vorstand per Mail kontakt@teremok-ev.de&nbsp;oder an die Post-Adresse:<\/p>\n<p><strong>Teremok e.V.<\/strong><\/p>\n<p>Hagenbr\u00fccke 9<br \/>\nDE- 38100 Braunschweig<\/p>\n","protected":false},"excerpt":{"rendered":"<p>Datenschutzerkl\u00e4rung &nbsp; Verantwortlicher im Sinne der Datenschutz-Grundverordnung (DSGVO) ist der Verein: Teremok e.V. Hagenbr\u00fccke 9 DE-38100 Braunschweig &nbsp; Tel.: +49\u00b715774936551 E-Mail: kontakt@teremok-ev.de Website: www.teremok-ev.de Datenschutz F\u00fcr die Nutzung unserer Webseite sind in der Regel keine personenbezogener Daten erforderlich. Unsere Website kann grunds\u00e4tzlich ohne Registrierung besucht werden. Dabei werden Daten wie beispielsweise aufgerufene Seiten bzw. Namen [&hellip;]<\/p>\n","protected":false},"author":1,"featured_media":0,"parent":0,"menu_order":0,"comment_status":"closed","ping_status":"closed","template":"","meta":{"ngg_post_thumbnail":0,"footnotes":""},"class_list":["post-6434","page","type-page","status-publish","hentry"],"translation":{"provider":"WPGlobus","version":"3.0.2","language":"ru","enabled_languages":["de","ru"],"languages":{"de":{"title":true,"content":true,"excerpt":false},"ru":{"title":true,"content":true,"excerpt":false}}},"_links":{"self":[{"href":"https:\/\/www.teremok-ev.de\/ru\/wp-json\/wp\/v2\/pages\/6434","targetHints":{"allow":["GET"]}}],"collection":[{"href":"https:\/\/www.teremok-ev.de\/ru\/wp-json\/wp\/v2\/pages"}],"about":[{"href":"https:\/\/www.teremok-ev.de\/ru\/wp-json\/wp\/v2\/types\/page"}],"author":[{"embeddable":true,"href":"https:\/\/www.teremok-ev.de\/ru\/wp-json\/wp\/v2\/users\/1"}],"replies":[{"embeddable":true,"href":"https:\/\/www.teremok-ev.de\/ru\/wp-json\/wp\/v2\/comments?post=6434"}],"version-history":[{"count":4,"href":"https:\/\/www.teremok-ev.de\/ru\/wp-json\/wp\/v2\/pages\/6434\/revisions"}],"predecessor-version":[{"id":6437,"href":"https:\/\/www.teremok-ev.de\/ru\/wp-json\/wp\/v2\/pages\/6434\/revisions\/6437"}],"wp:attachment":[{"href":"https:\/\/www.teremok-ev.de\/ru\/wp-json\/wp\/v2\/media?parent=6434"}],"curies":[{"name":"wp","href":"https:\/\/api.w.org\/{rel}","templated":true}]}}